{"id":33747,"date":"2024-12-05T10:54:05","date_gmt":"2024-12-05T15:54:05","guid":{"rendered":"https:\/\/www.ressourcessante.com\/careers-health-professionals\/infirmier-ou-infirmiere-licenciee"},"modified":"2025-01-09T09:19:32","modified_gmt":"2025-01-09T14:19:32","slug":"infirmier-ou-infirmiere-licenciee","status":"publish","type":"page","link":"https:\/\/www.ressourcessante.com\/en\/careers-health-professionals\/infirmier-ou-infirmiere-licenciee","title":{"rendered":"Infirmier ou infirmi\u00e8re licenci\u00e9(e)"},"content":{"rendered":"\t\t<div data-elementor-type=\"wp-page\" data-elementor-id=\"33747\" class=\"elementor elementor-33747 elementor-33742\" data-elementor-post-type=\"page\">\n\t\t\t\t<div class=\"elementor-element elementor-element-dec2ad3 thegem-e-con-layout-thegem e-flex e-con-boxed e-con e-parent\" data-id=\"dec2ad3\" data-element_type=\"container\" data-settings=\"{&quot;thegem_container_layout&quot;:&quot;thegem&quot;}\">\r\n\t\t\t\t\t<div class=\"e-con-inner\">\r\n\t\t<div class=\"elementor-element elementor-element-7d35a1b animated-slow e-con-full thegem-e-con-layout-thegem e-flex elementor-invisible e-con e-child\" data-id=\"7d35a1b\" data-element_type=\"container\" data-settings=\"{&quot;animation&quot;:&quot;fadeInDown&quot;,&quot;thegem_container_layout&quot;:&quot;thegem&quot;}\">\r\n\t\t\t\t<div class=\"elementor-element elementor-element-c59b3ac flex-horizontal-align-default flex-horizontal-align-tablet-default flex-horizontal-align-mobile-default flex-vertical-align-default flex-vertical-align-tablet-default flex-vertical-align-mobile-default elementor-widget elementor-widget-heading\" data-id=\"c59b3ac\" data-element_type=\"widget\" data-widget_type=\"heading.default\">\n\t\t\t\t<div class=\"elementor-widget-container\">\n\t\t\t\t\t<div class=\"title-h2 light elementor-heading-title elementor-size-default\">Offre d'emploi<\/div>\t\t\t\t<\/div>\n\t\t\t\t<\/div>\n\t\t\t\t<div class=\"elementor-element elementor-element-10e2cf5 flex-horizontal-align-default flex-horizontal-align-tablet-default flex-horizontal-align-mobile-default flex-vertical-align-default flex-vertical-align-tablet-default flex-vertical-align-mobile-default elementor-invisible elementor-widget elementor-widget-heading\" data-id=\"10e2cf5\" data-element_type=\"widget\" data-settings=\"{&quot;_animation&quot;:&quot;fadeIn&quot;}\" data-widget_type=\"heading.default\">\n\t\t\t\t<div class=\"elementor-widget-container\">\n\t\t\t\t\t<div class=\"title-h1 light elementor-heading-title elementor-size-default\">Infirmier ou infirmi\u00e8re licenci\u00e9(e)<\/div>\t\t\t\t<\/div>\n\t\t\t\t<\/div>\n\t\t\t\t<div class=\"elementor-element elementor-element-d7cd600 elementor-widget-divider--view-line flex-horizontal-align-default flex-horizontal-align-tablet-default flex-horizontal-align-mobile-default flex-vertical-align-default flex-vertical-align-tablet-default flex-vertical-align-mobile-default elementor-invisible elementor-widget elementor-widget-divider\" data-id=\"d7cd600\" data-element_type=\"widget\" data-settings=\"{&quot;_animation&quot;:&quot;fadeIn&quot;,&quot;_animation_delay&quot;:300}\" data-widget_type=\"divider.default\">\n\t\t\t\t<div class=\"elementor-widget-container\">\n\t\t\t\t\t\t\t<div class=\"elementor-divider\">\n\t\t\t<span class=\"elementor-divider-separator\">\n\t\t\t\t\t\t<\/span>\n\t\t<\/div>\n\t\t\t\t\t\t<\/div>\n\t\t\t\t<\/div>\n\t\t\t\t<\/div>\n\t\t\t\t\t<\/div>\n\t\t\t\t<\/div>\n\t\t<div class=\"elementor-element elementor-element-c92e6a9 e-con-full thegem-e-con-layout-thegem e-flex e-con e-parent\" data-id=\"c92e6a9\" data-element_type=\"container\" data-settings=\"{&quot;background_background&quot;:&quot;classic&quot;,&quot;shape_divider_top&quot;:&quot;split&quot;,&quot;thegem_container_layout&quot;:&quot;thegem&quot;}\">\r\n\t\t\t\t<div class=\"elementor-shape elementor-shape-top\" aria-hidden=\"true\" data-negative=\"false\">\n\t\t\t<svg xmlns=\"http:\/\/www.w3.org\/2000\/svg\" viewBox=\"0 0 1000 20\" preserveAspectRatio=\"none\">\n\t<path class=\"elementor-shape-fill\" d=\"M0,0v3c0,0,393.8,0,483.4,0c9.2,0,16.6,7.4,16.6,16.6c0-9.1,7.4-16.6,16.6-16.6C606.2,3,1000,3,1000,3V0H0z\"\/>\n<\/svg>\t\t<\/div>\n\t\t<div class=\"elementor-element elementor-element-c995bfa detail-offre thegem-e-con-layout-thegem e-flex e-con-boxed e-con e-child\" data-id=\"c995bfa\" data-element_type=\"container\" data-settings=\"{&quot;thegem_container_layout&quot;:&quot;thegem&quot;}\">\r\n\t\t\t\t\t<div class=\"e-con-inner\">\r\n\t\t\t\t<div class=\"elementor-element elementor-element-eef935c flex-horizontal-align-default flex-horizontal-align-tablet-default flex-horizontal-align-mobile-default flex-vertical-align-default flex-vertical-align-tablet-default flex-vertical-align-mobile-default elementor-widget elementor-widget-text-editor\" data-id=\"eef935c\" data-element_type=\"widget\" data-widget_type=\"text-editor.default\">\n\t\t\t\t<div class=\"elementor-widget-container\">\n\t\t\t\t\t\t\t\t\t\t\t\t<div class=\"elementor-text-editor elementor-clearfix\">\r\n\t\t\t\t\t\t<h5>QUI SOMMES-NOUS !<\/h5><p>Avec plus de 35 ans de succ\u00e8s dans les Laurentides, nous sommes d\u00e9finis par la passion qui habite notre \u00e9quipe \u00e0 poursuivre la mission de Ressources Sant\u00e9 LM<\/p><p>Nous sommes des gens de c\u0153ur:<\/p><ul><li><span class=\"red\">C<\/span>ompatissant,<\/li><li><span class=\"red\">o<\/span>rganiser,<\/li><li><span class=\"red\">e<\/span>mpathique,<\/li><li><span class=\"red\">u<\/span>tile<\/li><li><span class=\"red\">r<\/span>espectueux<\/li><\/ul><p>Le bien-\u00eatre des gens est la raison d\u2019\u00eatre de Ressources Sant\u00e9 LM et passe par trois composantes fondamentales :<\/p><h5 style=\"font-weight: 400;\"><strong>NOS EMPLOY\u00c9S<\/strong><\/h5><p style=\"font-weight: 400;\">Offrir un parcours qui permettra aux employ\u00e9s de Ressources Sant\u00e9 LM de grandir personnellement et professionnellement.<\/p><h5 style=\"font-weight: 400;\"><strong>NOTRE COMMUNAUT\u00c9<\/strong><\/h5><p style=\"font-weight: 400;\">S\u2019investir dans la communaut\u00e9 pour faire de ce monde un endroit meilleur.<\/p><h5 style=\"font-weight: 400;\"><strong>NOS CLIENTS<\/strong><\/h5><p style=\"font-weight: 400;\">Permettre \u00e0 nos clients de demeurer chez eux le plus longtemps possible<\/p><h5 style=\"font-weight: 400;\"><strong>NOTRE OFFRE<\/strong><\/h5><p style=\"font-weight: 400;\">Travaillez pour une organisation ayant une mission significative, une culture d\u2019entreprise engageante, et une excellente \u00e9thique de travail dans un secteur extr\u00eamement concurrentiel.<\/p><h5 style=\"font-weight: 400;\"><strong>AVANTAGES<\/strong><\/h5><ul style=\"font-weight: 400;\"><li>Programme d\u2019aide aux employ\u00e9s (PAE) qui donne acc\u00e8s aux conseils de professionnels de toutes les sph\u00e8res de la sant\u00e9;<\/li><li>Programme de r\u00e9f\u00e9rencement avec prime<\/li><li>Vacances accord\u00e9es d\u00e8s son entr\u00e9e en poste<\/li><li>Remboursement de frais de formation, renouvellement de permis de pratique sous certaines conditions;<\/li><li>Un environnement de travail stimulant rempli de d\u00e9fis;<\/li><li>Et la possibilit\u00e9 de travailler dans un environnement o\u00f9 VOUS comptez!<\/li><\/ul><h5 style=\"font-weight: 400;\"><strong>VOS D\u00c9FIS<\/strong><\/h5><p style=\"font-weight: 400;\">Travailler en \u00e9troite collaboration avec l\u2019\u00e9quipe de coordination pour d\u00e9celer des opportunit\u00e9s d\u2019affaires, d\u00e9velopper des relations humaines avec nos clients dans le respect et la dignit\u00e9.<\/p><h5 style=\"font-weight: 400;\"><strong>VOS RESPONSABILIT\u00c9S<\/strong><\/h5><ul style=\"font-weight: 400;\"><li>R\u00e9pondre aux besoins de nos clients en trouvant la solution appropri\u00e9e;<\/li><li>\u00catre disponible jour, soir; nuit et une fin de semaine sur deux<\/li><li>S\u2019assurer de la s\u00e9curit\u00e9 et du bien-\u00eatre des clients;<\/li><li>Faire le suivi et voir \u00e0 l\u2019\u00e9volution de l\u2019\u00e9tat de sant\u00e9 du client ;<\/li><li>Avoir le respect des proc\u00e9dures mises en place par Ressources Sant\u00e9 LM;<\/li><li>G\u00e9rer et maintenir les informations au cartable client et assurer un suivi aupr\u00e8s de l\u2019infirmi\u00e8re\/coordonnatrice.<\/li><\/ul><h5 style=\"font-weight: 400;\"><strong>MESURES SP\u00c9CIFIQUES DE R\u00c9USSITE \u2013 R\u00c9SULTATS ESCOMPT\u00c9S<\/strong><\/h5><ul style=\"font-weight: 400;\"><li>Atteindre les objectifs de l\u2019entreprise;<\/li><li>Ponctualit\u00e9, assiduit\u00e9<\/li><li>Discr\u00e9tion, respect de la confidentialit\u00e9<\/li><\/ul><h5 style=\"font-weight: 400;\"><strong>CE QUE L\u2019ON RECHERCHE<\/strong><\/h5><ul style=\"font-weight: 400;\"><li>D\u00e9tenir un permis valide<\/li><li>1 \u00e0 3 ann\u00e9es d\u2019exp\u00e9rience dans un poste similaire;<\/li><li>Bilingue (atout);<\/li><li>Connaissance en soins \u00e0 domicile et en \u00e9tablissement<\/li><li>Connaissance du logiciel Soft Lab\u00a0 (atout)<\/li><\/ul><p style=\"font-weight: 400;\">Vous souhaitez travailler pour une organisation bien \u00e9tablie depuis 35 ans avec une mission significative et une excellente \u00e9thique de travail? Nous voulons vous conna\u00eetre!<\/p><p style=\"font-weight: 400;\">Nous souscrivons au principe d\u2019\u00e9galit\u00e9 d\u2019acc\u00e8s \u00e0 l\u2019emploi\u2696\ufe0f, et nous nous engageons \u00e0 traiter chaque personne d\u2019une mani\u00e8re qui pr\u00e9serve sa dignit\u00e9 et son autonomie. Pour \u00eatre admissible \u00e0 ce poste, vous devez \u00eatre l\u00e9galement autoris\u00e9 \u00e0 travailler au Canada, sans parrainage de la part de Ressources Sant\u00e9 LM inc.<\/p><p style=\"font-weight: 400;\">Notre disponibilit\u00e9 24\/7 assure une r\u00e9activit\u00e9 imm\u00e9diate pour r\u00e9pondre \u00e0 vos besoins urgents.<\/p><p style=\"font-weight: 400;\"><a href=\"tel:4502276663\">(450) 227-6663<\/a><\/p><p style=\"font-weight: 400;\">Nos bureaux sont ouverts du lundi au vendredi de 8h30 \u00e0 16h00<\/p><p style=\"font-weight: 400;\">envoyez-nous un courriel<\/p><p style=\"font-weight: 400;\">Les informations personnelles sont crypt\u00e9es<\/p>\t\t\t\t\t\t\t<\/div>\r\n\t\t\t\t\t\t\t\t\t\t<\/div>\n\t\t\t\t<\/div>\n\t\t\t\t\t<\/div>\n\t\t\t\t<\/div>\n\t\t\t\t<\/div>\n\t\t\t\t<\/div>\n\t\t","protected":false},"excerpt":{"rendered":"<p>Offre d&#8217;emploi Infirmier ou infirmi\u00e8re licenci\u00e9(e) QUI SOMMES-NOUS ! Avec plus de 35 ans de succ\u00e8s dans les Laurentides, nous&#8230;<\/p>\n","protected":false},"author":1,"featured_media":0,"parent":32768,"menu_order":0,"comment_status":"closed","ping_status":"closed","template":"page-fullwidth.php","meta":{"inline_featured_image":false,"footnotes":""},"class_list":["post-33747","page","type-page","status-publish"],"yoast_head":"<!-- This site is optimized with the Yoast SEO plugin v26.5 - https:\/\/yoast.com\/wordpress\/plugins\/seo\/ -->\n<title>Registred Nurse - Ressources Sante<\/title>\n<meta name=\"description\" content=\"Private healthcare career opportunities with Ressources Sant\u00e9 as a registered nurse. Flexibility and benefits.\" \/>\n<meta name=\"robots\" content=\"index, follow, max-snippet:-1, max-image-preview:large, max-video-preview:-1\" \/>\n<link rel=\"canonical\" href=\"https:\/\/www.ressourcessante.com\/carrieres-professionnels-de-la-sante\/infirmier-ou-infirmiere-licenciee\" \/>\n<meta property=\"og:locale\" content=\"en_US\" \/>\n<meta property=\"og:type\" content=\"article\" \/>\n<meta property=\"og:title\" content=\"Registred Nurse - Ressources Sante\" \/>\n<meta property=\"og:description\" content=\"Private healthcare career opportunities with Ressources Sant\u00e9 as a registered nurse. Flexibility and benefits.\" \/>\n<meta property=\"og:url\" content=\"https:\/\/www.ressourcessante.com\/carrieres-professionnels-de-la-sante\/infirmier-ou-infirmiere-licenciee\" \/>\n<meta property=\"og:site_name\" content=\"Ressources Sante\" \/>\n<meta property=\"article:modified_time\" content=\"2025-01-09T14:19:32+00:00\" \/>\n<meta name=\"twitter:card\" content=\"summary_large_image\" \/>\n<meta name=\"twitter:label1\" content=\"Est. reading time\" \/>\n\t<meta name=\"twitter:data1\" content=\"3 minutes\" \/>\n<script type=\"application\/ld+json\" class=\"yoast-schema-graph\">{\"@context\":\"https:\/\/schema.org\",\"@graph\":[{\"@type\":\"WebPage\",\"@id\":\"https:\/\/www.ressourcessante.com\/carrieres-professionnels-de-la-sante\/infirmier-ou-infirmiere-licenciee\",\"url\":\"https:\/\/www.ressourcessante.com\/carrieres-professionnels-de-la-sante\/infirmier-ou-infirmiere-licenciee\",\"name\":\"Registred Nurse - Ressources Sante\",\"isPartOf\":{\"@id\":\"https:\/\/www.ressourcessante.com\/#website\"},\"datePublished\":\"2024-12-05T15:54:05+00:00\",\"dateModified\":\"2025-01-09T14:19:32+00:00\",\"description\":\"Private healthcare career opportunities with Ressources Sant\u00e9 as a registered nurse. Flexibility and benefits.\",\"breadcrumb\":{\"@id\":\"https:\/\/www.ressourcessante.com\/carrieres-professionnels-de-la-sante\/infirmier-ou-infirmiere-licenciee#breadcrumb\"},\"inLanguage\":\"en-CA\",\"potentialAction\":[{\"@type\":\"ReadAction\",\"target\":[\"https:\/\/www.ressourcessante.com\/carrieres-professionnels-de-la-sante\/infirmier-ou-infirmiere-licenciee\"]}]},{\"@type\":\"BreadcrumbList\",\"@id\":\"https:\/\/www.ressourcessante.com\/carrieres-professionnels-de-la-sante\/infirmier-ou-infirmiere-licenciee#breadcrumb\",\"itemListElement\":[{\"@type\":\"ListItem\",\"position\":1,\"name\":\"Accueil\",\"item\":\"https:\/\/www.ressourcessante.com\/en\"},{\"@type\":\"ListItem\",\"position\":2,\"name\":\"Career\",\"item\":\"https:\/\/www.ressourcessante.com\/en\/careers-health-professionals\"},{\"@type\":\"ListItem\",\"position\":3,\"name\":\"Infirmier ou infirmi\u00e8re licenci\u00e9(e)\"}]},{\"@type\":\"WebSite\",\"@id\":\"https:\/\/www.ressourcessante.com\/#website\",\"url\":\"https:\/\/www.ressourcessante.com\/\",\"name\":\"Ressources Sante\",\"description\":\"\",\"publisher\":{\"@id\":\"https:\/\/www.ressourcessante.com\/#organization\"},\"potentialAction\":[{\"@type\":\"SearchAction\",\"target\":{\"@type\":\"EntryPoint\",\"urlTemplate\":\"https:\/\/www.ressourcessante.com\/?s={search_term_string}\"},\"query-input\":{\"@type\":\"PropertyValueSpecification\",\"valueRequired\":true,\"valueName\":\"search_term_string\"}}],\"inLanguage\":\"en-CA\"},{\"@type\":\"Organization\",\"@id\":\"https:\/\/www.ressourcessante.com\/#organization\",\"name\":\"Ressources Sante\",\"url\":\"https:\/\/www.ressourcessante.com\/\",\"logo\":{\"@type\":\"ImageObject\",\"inLanguage\":\"en-CA\",\"@id\":\"https:\/\/www.ressourcessante.com\/#\/schema\/logo\/image\/\",\"url\":\"https:\/\/www.ressourcessante.com\/wp-content\/uploads\/2024\/10\/logo-ressource-sante.png\",\"contentUrl\":\"https:\/\/www.ressourcessante.com\/wp-content\/uploads\/2024\/10\/logo-ressource-sante.png\",\"width\":752,\"height\":310,\"caption\":\"Ressources Sante\"},\"image\":{\"@id\":\"https:\/\/www.ressourcessante.com\/#\/schema\/logo\/image\/\"}}]}<\/script>\n<!-- \/ Yoast SEO plugin. -->","yoast_head_json":{"title":"Registred Nurse - Ressources Sante","description":"Private healthcare career opportunities with Ressources Sant\u00e9 as a registered nurse. Flexibility and benefits.","robots":{"index":"index","follow":"follow","max-snippet":"max-snippet:-1","max-image-preview":"max-image-preview:large","max-video-preview":"max-video-preview:-1"},"canonical":"https:\/\/www.ressourcessante.com\/carrieres-professionnels-de-la-sante\/infirmier-ou-infirmiere-licenciee","og_locale":"en_US","og_type":"article","og_title":"Registred Nurse - Ressources Sante","og_description":"Private healthcare career opportunities with Ressources Sant\u00e9 as a registered nurse. Flexibility and benefits.","og_url":"https:\/\/www.ressourcessante.com\/carrieres-professionnels-de-la-sante\/infirmier-ou-infirmiere-licenciee","og_site_name":"Ressources Sante","article_modified_time":"2025-01-09T14:19:32+00:00","twitter_card":"summary_large_image","twitter_misc":{"Est. reading time":"3 minutes"},"schema":{"@context":"https:\/\/schema.org","@graph":[{"@type":"WebPage","@id":"https:\/\/www.ressourcessante.com\/carrieres-professionnels-de-la-sante\/infirmier-ou-infirmiere-licenciee","url":"https:\/\/www.ressourcessante.com\/carrieres-professionnels-de-la-sante\/infirmier-ou-infirmiere-licenciee","name":"Registred Nurse - Ressources Sante","isPartOf":{"@id":"https:\/\/www.ressourcessante.com\/#website"},"datePublished":"2024-12-05T15:54:05+00:00","dateModified":"2025-01-09T14:19:32+00:00","description":"Private healthcare career opportunities with Ressources Sant\u00e9 as a registered nurse. Flexibility and benefits.","breadcrumb":{"@id":"https:\/\/www.ressourcessante.com\/carrieres-professionnels-de-la-sante\/infirmier-ou-infirmiere-licenciee#breadcrumb"},"inLanguage":"en-CA","potentialAction":[{"@type":"ReadAction","target":["https:\/\/www.ressourcessante.com\/carrieres-professionnels-de-la-sante\/infirmier-ou-infirmiere-licenciee"]}]},{"@type":"BreadcrumbList","@id":"https:\/\/www.ressourcessante.com\/carrieres-professionnels-de-la-sante\/infirmier-ou-infirmiere-licenciee#breadcrumb","itemListElement":[{"@type":"ListItem","position":1,"name":"Accueil","item":"https:\/\/www.ressourcessante.com\/en"},{"@type":"ListItem","position":2,"name":"Career","item":"https:\/\/www.ressourcessante.com\/en\/careers-health-professionals"},{"@type":"ListItem","position":3,"name":"Infirmier ou infirmi\u00e8re licenci\u00e9(e)"}]},{"@type":"WebSite","@id":"https:\/\/www.ressourcessante.com\/#website","url":"https:\/\/www.ressourcessante.com\/","name":"Ressources Sante","description":"","publisher":{"@id":"https:\/\/www.ressourcessante.com\/#organization"},"potentialAction":[{"@type":"SearchAction","target":{"@type":"EntryPoint","urlTemplate":"https:\/\/www.ressourcessante.com\/?s={search_term_string}"},"query-input":{"@type":"PropertyValueSpecification","valueRequired":true,"valueName":"search_term_string"}}],"inLanguage":"en-CA"},{"@type":"Organization","@id":"https:\/\/www.ressourcessante.com\/#organization","name":"Ressources Sante","url":"https:\/\/www.ressourcessante.com\/","logo":{"@type":"ImageObject","inLanguage":"en-CA","@id":"https:\/\/www.ressourcessante.com\/#\/schema\/logo\/image\/","url":"https:\/\/www.ressourcessante.com\/wp-content\/uploads\/2024\/10\/logo-ressource-sante.png","contentUrl":"https:\/\/www.ressourcessante.com\/wp-content\/uploads\/2024\/10\/logo-ressource-sante.png","width":752,"height":310,"caption":"Ressources Sante"},"image":{"@id":"https:\/\/www.ressourcessante.com\/#\/schema\/logo\/image\/"}}]}},"_links":{"self":[{"href":"https:\/\/www.ressourcessante.com\/en\/wp-json\/wp\/v2\/pages\/33747","targetHints":{"allow":["GET"]}}],"collection":[{"href":"https:\/\/www.ressourcessante.com\/en\/wp-json\/wp\/v2\/pages"}],"about":[{"href":"https:\/\/www.ressourcessante.com\/en\/wp-json\/wp\/v2\/types\/page"}],"author":[{"embeddable":true,"href":"https:\/\/www.ressourcessante.com\/en\/wp-json\/wp\/v2\/users\/1"}],"replies":[{"embeddable":true,"href":"https:\/\/www.ressourcessante.com\/en\/wp-json\/wp\/v2\/comments?post=33747"}],"version-history":[{"count":4,"href":"https:\/\/www.ressourcessante.com\/en\/wp-json\/wp\/v2\/pages\/33747\/revisions"}],"predecessor-version":[{"id":34156,"href":"https:\/\/www.ressourcessante.com\/en\/wp-json\/wp\/v2\/pages\/33747\/revisions\/34156"}],"up":[{"embeddable":true,"href":"https:\/\/www.ressourcessante.com\/en\/wp-json\/wp\/v2\/pages\/32768"}],"wp:attachment":[{"href":"https:\/\/www.ressourcessante.com\/en\/wp-json\/wp\/v2\/media?parent=33747"}],"curies":[{"name":"wp","href":"https:\/\/api.w.org\/{rel}","templated":true}]}}