{"id":32743,"date":"2024-10-17T11:11:36","date_gmt":"2024-10-17T15:11:36","guid":{"rendered":"https:\/\/www.ressourcessante.com\/health-services\/maison-specialisee"},"modified":"2024-12-12T06:43:50","modified_gmt":"2024-12-12T11:43:50","slug":"specialized-house","status":"publish","type":"page","link":"https:\/\/www.ressourcessante.com\/en\/health-services\/specialized-house","title":{"rendered":"Specialized house"},"content":{"rendered":"\t\t<div data-elementor-type=\"wp-page\" data-elementor-id=\"32743\" class=\"elementor elementor-32743 elementor-26235\" data-elementor-post-type=\"page\">\n\t\t\t\t<div class=\"elementor-element elementor-element-b19ecb7 e-con-full thegem-e-con-layout-thegem e-flex e-con e-parent\" data-id=\"b19ecb7\" data-element_type=\"container\" data-settings=\"{&quot;background_background&quot;:&quot;classic&quot;,&quot;thegem_container_layout&quot;:&quot;thegem&quot;}\">\r\n\t\t<div class=\"elementor-element elementor-element-2c277f0 e-con-full thegem-e-con-layout-thegem e-flex e-con e-child\" data-id=\"2c277f0\" data-element_type=\"container\" data-settings=\"{&quot;background_background&quot;:&quot;classic&quot;,&quot;thegem_container_layout&quot;:&quot;thegem&quot;}\">\r\n\t\t\t\t<\/div>\n\t\t<div class=\"elementor-element elementor-element-811321d e-con-full thegem-e-con-layout-thegem e-flex e-con e-child\" data-id=\"811321d\" data-element_type=\"container\" data-settings=\"{&quot;thegem_container_layout&quot;:&quot;thegem&quot;}\">\r\n\t\t\t\t<div class=\"elementor-element elementor-element-3a6eab33 flex-horizontal-align-default flex-horizontal-align-tablet-default flex-horizontal-align-mobile-default flex-vertical-align-default flex-vertical-align-tablet-default flex-vertical-align-mobile-default elementor-invisible elementor-widget elementor-widget-heading\" data-id=\"3a6eab33\" data-element_type=\"widget\" data-settings=\"{&quot;_animation&quot;:&quot;fadeIn&quot;,&quot;_animation_delay&quot;:200}\" data-widget_type=\"heading.default\">\n\t\t\t\t<div class=\"elementor-widget-container\">\n\t\t\t\t\t<h4 class=\"elementor-heading-title elementor-size-default\">services<\/h4>\t\t\t\t<\/div>\n\t\t\t\t<\/div>\n\t\t\t\t<div class=\"elementor-element elementor-element-2a439626 flex-horizontal-align-default flex-horizontal-align-tablet-default flex-horizontal-align-mobile-default flex-vertical-align-default flex-vertical-align-tablet-default flex-vertical-align-mobile-default elementor-invisible elementor-widget elementor-widget-heading\" data-id=\"2a439626\" data-element_type=\"widget\" data-settings=\"{&quot;_animation&quot;:&quot;fadeIn&quot;}\" data-widget_type=\"heading.default\">\n\t\t\t\t<div class=\"elementor-widget-container\">\n\t\t\t\t\t<h1 class=\"elementor-heading-title elementor-size-default\">Specialized house \/ Crisis center<\/h1>\t\t\t\t<\/div>\n\t\t\t\t<\/div>\n\t\t\t\t<div class=\"elementor-element elementor-element-9f5c8b5 elementor-widget-divider--view-line flex-horizontal-align-default flex-horizontal-align-tablet-default flex-horizontal-align-mobile-default flex-vertical-align-default flex-vertical-align-tablet-default flex-vertical-align-mobile-default elementor-invisible elementor-widget elementor-widget-divider\" data-id=\"9f5c8b5\" data-element_type=\"widget\" data-settings=\"{&quot;_animation&quot;:&quot;fadeIn&quot;,&quot;_animation_delay&quot;:300}\" data-widget_type=\"divider.default\">\n\t\t\t\t<div class=\"elementor-widget-container\">\n\t\t\t\t\t\t\t<div class=\"elementor-divider\">\n\t\t\t<span class=\"elementor-divider-separator\">\n\t\t\t\t\t\t<\/span>\n\t\t<\/div>\n\t\t\t\t\t\t<\/div>\n\t\t\t\t<\/div>\n\t\t\t\t<div class=\"elementor-element elementor-element-944e42a flex-horizontal-align-default flex-horizontal-align-tablet-default flex-horizontal-align-mobile-default flex-vertical-align-default flex-vertical-align-tablet-default flex-vertical-align-mobile-default elementor-widget elementor-widget-text-editor\" data-id=\"944e42a\" data-element_type=\"widget\" data-widget_type=\"text-editor.default\">\n\t\t\t\t<div class=\"elementor-widget-container\">\n\t\t\t\t\t\t\t\t\t\t\t\t<div class=\"elementor-text-editor elementor-clearfix\">\r\n\t\t\t\t\t\t<p><strong>The team at Maison pour une pause is led by Mrs. Marie-Claude L\u00e9onard (social worker), supported by crisis center workers<\/strong><\/p>\t\t\t\t\t\t\t<\/div>\r\n\t\t\t\t\t\t\t\t\t\t<\/div>\n\t\t\t\t<\/div>\n\t\t\t\t<div class=\"elementor-element elementor-element-a854e62 flex-horizontal-align-default flex-horizontal-align-tablet-default flex-horizontal-align-mobile-default flex-vertical-align-default flex-vertical-align-tablet-default flex-vertical-align-mobile-default elementor-invisible elementor-widget elementor-widget-heading\" data-id=\"a854e62\" data-element_type=\"widget\" data-settings=\"{&quot;_animation&quot;:&quot;fadeIn&quot;}\" data-widget_type=\"heading.default\">\n\t\t\t\t<div class=\"elementor-widget-container\">\n\t\t\t\t\t<h3 class=\"elementor-heading-title elementor-size-default\">For a break<\/h3>\t\t\t\t<\/div>\n\t\t\t\t<\/div>\n\t\t\t\t<div class=\"elementor-element elementor-element-1475779b flex-horizontal-align-default flex-horizontal-align-tablet-default flex-horizontal-align-mobile-default flex-vertical-align-default flex-vertical-align-tablet-default flex-vertical-align-mobile-default elementor-widget elementor-widget-text-editor\" data-id=\"1475779b\" data-element_type=\"widget\" data-widget_type=\"text-editor.default\">\n\t\t\t\t<div class=\"elementor-widget-container\">\n\t\t\t\t\t\t\t\t\t\t\t\t<div class=\"elementor-text-editor elementor-clearfix\">\r\n\t\t\t\t\t\t<p>This name perfectly reflects the temporary nature of the accommodation offered, while also highlighting the warm, friendly, and peaceful environment in which residents are welcomed.<\/p><p>It\u2019s a time to pause, a moment to recharge, and a way to navigate through a difficult period.<\/p><p>\u201cA break from life, which often runs at an overwhelming pace.\u201d<\/p><p>We are delighted to announce that the Ressources Sant\u00e9 LM team has opened a crisis centre in St-J\u00e9r\u00f4me, serving the adult population of the Laurentians. In partnership with the Integrated Health and Social Services Centre (CISSS) of the Laurentians, we are fulfilling a significant need in the region, offering access to services for those experiencing psychosocial distress, suicidal ideation, difficult separations, or any other crisis that requires an individual to step away from their usual environment for a time to receive help.<\/p><p>If you or a loved one are going through a psychosocial crisis and need a break, don\u2019t hesitate to contact 811 for assistance.<\/p>\t\t\t\t\t\t\t<\/div>\r\n\t\t\t\t\t\t\t\t\t\t<\/div>\n\t\t\t\t<\/div>\n\t\t\t\t<div class=\"elementor-element elementor-element-09ab3bf flex-horizontal-align-default flex-horizontal-align-tablet-default flex-horizontal-align-mobile-default flex-vertical-align-default flex-vertical-align-tablet-default flex-vertical-align-mobile-default elementor-invisible elementor-widget elementor-widget-thegem-styledbutton\" data-id=\"09ab3bf\" data-element_type=\"widget\" data-settings=\"{&quot;thegem_button_skin&quot;:&quot;outline&quot;,&quot;_animation&quot;:&quot;fadeIn&quot;}\" data-widget_type=\"thegem-styledbutton.default\">\n\t\t\t\t<div class=\"elementor-widget-container\">\n\t\t\t\t\t\n<div class=\"gem-button-container gem-widget-button\">\n\n\t\t<a class=\"gem-button gem-button-size-large gem-button-text-weight-bold gem-button-style-outline gem-button-border-4\" href=\"https:\/\/www.ressourcessante.com\/nous-contacter\">\n\t\t<span class=\"gem-inner-wrapper-btn\">\n\t\t\t\t\t\t<span class=\"gem-text-button\">\n\t\t\t\tContact us\t\t\t<\/span>\n\t\t<\/span>\n\t<\/a>\n\n\t\n<\/div>\t\t\t\t<\/div>\n\t\t\t\t<\/div>\n\t\t\t\t<\/div>\n\t\t\t\t<\/div>\n\t\t<div class=\"elementor-element elementor-element-0f6a0f5 shapeTop-green thegem-e-con-layout-thegem e-flex e-con-boxed e-con e-parent\" data-id=\"0f6a0f5\" data-element_type=\"container\" data-settings=\"{&quot;background_background&quot;:&quot;gradient&quot;,&quot;shape_divider_top&quot;:&quot;split&quot;,&quot;thegem_container_layout&quot;:&quot;thegem&quot;}\">\r\n\t\t\t\t\t<div class=\"e-con-inner\">\r\n\t\t\t\t<div class=\"elementor-shape elementor-shape-top\" aria-hidden=\"true\" data-negative=\"false\">\n\t\t\t<svg xmlns=\"http:\/\/www.w3.org\/2000\/svg\" viewBox=\"0 0 1000 20\" preserveAspectRatio=\"none\">\n\t<path class=\"elementor-shape-fill\" d=\"M0,0v3c0,0,393.8,0,483.4,0c9.2,0,16.6,7.4,16.6,16.6c0-9.1,7.4-16.6,16.6-16.6C606.2,3,1000,3,1000,3V0H0z\"\/>\n<\/svg>\t\t<\/div>\n\t\t<div class=\"elementor-element elementor-element-975033b e-con-full thegem-e-con-layout-thegem e-flex e-con e-child\" data-id=\"975033b\" data-element_type=\"container\" data-settings=\"{&quot;thegem_container_layout&quot;:&quot;thegem&quot;}\">\r\n\t\t\t\t<div class=\"elementor-element elementor-element-fed9f0c flex-horizontal-align-default flex-horizontal-align-tablet-default flex-horizontal-align-mobile-default flex-vertical-align-default flex-vertical-align-tablet-default flex-vertical-align-mobile-default elementor-widget elementor-widget-heading\" data-id=\"fed9f0c\" data-element_type=\"widget\" data-widget_type=\"heading.default\">\n\t\t\t\t<div class=\"elementor-widget-container\">\n\t\t\t\t\t<div class=\"title-h2 light elementor-heading-title elementor-size-default\">35 years of serving your health.<\/div>\t\t\t\t<\/div>\n\t\t\t\t<\/div>\n\t\t\t\t<div class=\"elementor-element elementor-element-c333815 flex-horizontal-align-default flex-horizontal-align-tablet-default flex-horizontal-align-mobile-default flex-vertical-align-default flex-vertical-align-tablet-default flex-vertical-align-mobile-default elementor-widget elementor-widget-image\" data-id=\"c333815\" data-element_type=\"widget\" data-widget_type=\"image.default\">\n\t\t\t\t<div class=\"elementor-widget-container\">\n\t\t\t\t\t\t\t\t\t\t\t\t\t\t\t<img fetchpriority=\"high\" width=\"1024\" height=\"138\" src=\"https:\/\/www.ressourcessante.com\/wp-content\/uploads\/2024\/10\/stars.svg\" class=\"attachment-large size-large wp-image-25901\" alt=\"etoile\" \/>\t\t\t\t\t\t\t\t\t\t\t\t\t\t\t<\/div>\n\t\t\t\t<\/div>\n\t\t\t\t<div class=\"elementor-element elementor-element-4ff87ee flex-horizontal-align-default flex-horizontal-align-tablet-default flex-horizontal-align-mobile-default flex-vertical-align-default flex-vertical-align-tablet-default flex-vertical-align-mobile-default elementor-widget elementor-widget-text-editor\" data-id=\"4ff87ee\" data-element_type=\"widget\" data-widget_type=\"text-editor.default\">\n\t\t\t\t<div class=\"elementor-widget-container\">\n\t\t\t\t\t\t\t\t\t\t\t\t<div class=\"elementor-text-editor elementor-clearfix\">\r\n\t\t\t\t\t\t<p>For 35 years, Ressources Sant\u00e9 LM has been committed to providing you with care, with kindness and expertise, to meet all your health needs.<\/p>\t\t\t\t\t\t\t<\/div>\r\n\t\t\t\t\t\t\t\t\t\t<\/div>\n\t\t\t\t<\/div>\n\t\t\t\t<div class=\"elementor-element elementor-element-d8f420a flex-horizontal-align-default flex-horizontal-align-tablet-default flex-horizontal-align-mobile-default flex-vertical-align-default flex-vertical-align-tablet-default flex-vertical-align-mobile-default elementor-widget elementor-widget-image\" data-id=\"d8f420a\" data-element_type=\"widget\" data-widget_type=\"image.default\">\n\t\t\t\t<div class=\"elementor-widget-container\">\n\t\t\t\t\t\t\t\t\t\t\t\t\t\t\t<img width=\"752\" height=\"310\" src=\"https:\/\/www.ressourcessante.com\/wp-content\/uploads\/2024\/10\/logo-ressource-sante.png\" class=\"attachment-large size-large wp-image-32964\" alt=\"Ressource sante LM\" srcset=\"https:\/\/www.ressourcessante.com\/wp-content\/uploads\/2024\/10\/logo-ressource-sante.png 752w, https:\/\/www.ressourcessante.com\/wp-content\/uploads\/2024\/10\/logo-ressource-sante-300x124.png 300w\" sizes=\"(max-width: 752px) 100vw, 752px\" \/>\t\t\t\t\t\t\t\t\t\t\t\t\t\t\t<\/div>\n\t\t\t\t<\/div>\n\t\t\t\t<\/div>\n\t\t\t\t\t<\/div>\n\t\t\t\t<\/div>\n\t\t\t\t<\/div>\n\t\t","protected":false},"excerpt":{"rendered":"<p>services Specialized house \/ Crisis center The team at Maison pour une pause is led by Mrs. Marie-Claude L\u00e9onard (social&#8230;<\/p>\n","protected":false},"author":1,"featured_media":0,"parent":32681,"menu_order":0,"comment_status":"closed","ping_status":"closed","template":"page-fullwidth.php","meta":{"inline_featured_image":false,"footnotes":""},"class_list":["post-32743","page","type-page","status-publish"],"yoast_head":"<!-- This site is optimized with the Yoast SEO plugin v26.5 - https:\/\/yoast.com\/wordpress\/plugins\/seo\/ -->\n<title>Specialized home and crisis center | Ressources Sant\u00e9 LM<\/title>\n<meta name=\"description\" content=\"Specialized home and crisis center in Saint-J\u00e9r\u00f4me, partnered with CISSS des Laurentides for tailored care solutions.\" \/>\n<meta name=\"robots\" content=\"index, follow, max-snippet:-1, max-image-preview:large, max-video-preview:-1\" \/>\n<link rel=\"canonical\" href=\"https:\/\/www.ressourcessante.com\/en\/health-services\/specialized-house\" \/>\n<meta property=\"og:locale\" content=\"en_US\" \/>\n<meta property=\"og:type\" content=\"article\" \/>\n<meta property=\"og:title\" content=\"Specialized home and crisis center | Ressources Sant\u00e9 LM\" \/>\n<meta property=\"og:description\" content=\"Specialized home and crisis center in Saint-J\u00e9r\u00f4me, partnered with CISSS des Laurentides for tailored care solutions.\" \/>\n<meta property=\"og:url\" content=\"https:\/\/www.ressourcessante.com\/en\/health-services\/specialized-house\" \/>\n<meta property=\"og:site_name\" content=\"Ressources Sante\" \/>\n<meta property=\"article:modified_time\" content=\"2024-12-12T11:43:50+00:00\" \/>\n<meta property=\"og:image\" content=\"https:\/\/www.ressourcessante.com\/wp-content\/uploads\/2024\/10\/stars.svg\" \/>\n<meta name=\"twitter:card\" content=\"summary_large_image\" \/>\n<meta name=\"twitter:label1\" content=\"Est. reading time\" \/>\n\t<meta name=\"twitter:data1\" content=\"2 minutes\" \/>\n<script type=\"application\/ld+json\" class=\"yoast-schema-graph\">{\"@context\":\"https:\/\/schema.org\",\"@graph\":[{\"@type\":\"WebPage\",\"@id\":\"https:\/\/www.ressourcessante.com\/en\/health-services\/specialized-house\",\"url\":\"https:\/\/www.ressourcessante.com\/en\/health-services\/specialized-house\",\"name\":\"Specialized home and crisis center | Ressources Sant\u00e9 LM\",\"isPartOf\":{\"@id\":\"https:\/\/www.ressourcessante.com\/#website\"},\"primaryImageOfPage\":{\"@id\":\"https:\/\/www.ressourcessante.com\/en\/health-services\/specialized-house#primaryimage\"},\"image\":{\"@id\":\"https:\/\/www.ressourcessante.com\/en\/health-services\/specialized-house#primaryimage\"},\"thumbnailUrl\":\"https:\/\/www.ressourcessante.com\/wp-content\/uploads\/2024\/10\/stars.svg\",\"datePublished\":\"2024-10-17T15:11:36+00:00\",\"dateModified\":\"2024-12-12T11:43:50+00:00\",\"description\":\"Specialized home and crisis center in Saint-J\u00e9r\u00f4me, partnered with CISSS des Laurentides for tailored care solutions.\",\"breadcrumb\":{\"@id\":\"https:\/\/www.ressourcessante.com\/en\/health-services\/specialized-house#breadcrumb\"},\"inLanguage\":\"en-CA\",\"potentialAction\":[{\"@type\":\"ReadAction\",\"target\":[\"https:\/\/www.ressourcessante.com\/en\/health-services\/specialized-house\"]}]},{\"@type\":\"ImageObject\",\"inLanguage\":\"en-CA\",\"@id\":\"https:\/\/www.ressourcessante.com\/en\/health-services\/specialized-house#primaryimage\",\"url\":\"https:\/\/www.ressourcessante.com\/wp-content\/uploads\/2024\/10\/stars.svg\",\"contentUrl\":\"https:\/\/www.ressourcessante.com\/wp-content\/uploads\/2024\/10\/stars.svg\"},{\"@type\":\"BreadcrumbList\",\"@id\":\"https:\/\/www.ressourcessante.com\/en\/health-services\/specialized-house#breadcrumb\",\"itemListElement\":[{\"@type\":\"ListItem\",\"position\":1,\"name\":\"Accueil\",\"item\":\"https:\/\/www.ressourcessante.com\/en\"},{\"@type\":\"ListItem\",\"position\":2,\"name\":\"Services\",\"item\":\"https:\/\/www.ressourcessante.com\/en\/health-services\"},{\"@type\":\"ListItem\",\"position\":3,\"name\":\"Specialized house\"}]},{\"@type\":\"WebSite\",\"@id\":\"https:\/\/www.ressourcessante.com\/#website\",\"url\":\"https:\/\/www.ressourcessante.com\/\",\"name\":\"Ressources Sante\",\"description\":\"\",\"publisher\":{\"@id\":\"https:\/\/www.ressourcessante.com\/#organization\"},\"potentialAction\":[{\"@type\":\"SearchAction\",\"target\":{\"@type\":\"EntryPoint\",\"urlTemplate\":\"https:\/\/www.ressourcessante.com\/?s={search_term_string}\"},\"query-input\":{\"@type\":\"PropertyValueSpecification\",\"valueRequired\":true,\"valueName\":\"search_term_string\"}}],\"inLanguage\":\"en-CA\"},{\"@type\":\"Organization\",\"@id\":\"https:\/\/www.ressourcessante.com\/#organization\",\"name\":\"Ressources Sante\",\"url\":\"https:\/\/www.ressourcessante.com\/\",\"logo\":{\"@type\":\"ImageObject\",\"inLanguage\":\"en-CA\",\"@id\":\"https:\/\/www.ressourcessante.com\/#\/schema\/logo\/image\/\",\"url\":\"https:\/\/www.ressourcessante.com\/wp-content\/uploads\/2024\/10\/logo-ressource-sante.png\",\"contentUrl\":\"https:\/\/www.ressourcessante.com\/wp-content\/uploads\/2024\/10\/logo-ressource-sante.png\",\"width\":752,\"height\":310,\"caption\":\"Ressources Sante\"},\"image\":{\"@id\":\"https:\/\/www.ressourcessante.com\/#\/schema\/logo\/image\/\"}}]}<\/script>\n<!-- \/ Yoast SEO plugin. -->","yoast_head_json":{"title":"Specialized home and crisis center | Ressources Sant\u00e9 LM","description":"Specialized home and crisis center in Saint-J\u00e9r\u00f4me, partnered with CISSS des Laurentides for tailored care solutions.","robots":{"index":"index","follow":"follow","max-snippet":"max-snippet:-1","max-image-preview":"max-image-preview:large","max-video-preview":"max-video-preview:-1"},"canonical":"https:\/\/www.ressourcessante.com\/en\/health-services\/specialized-house","og_locale":"en_US","og_type":"article","og_title":"Specialized home and crisis center | Ressources Sant\u00e9 LM","og_description":"Specialized home and crisis center in Saint-J\u00e9r\u00f4me, partnered with CISSS des Laurentides for tailored care solutions.","og_url":"https:\/\/www.ressourcessante.com\/en\/health-services\/specialized-house","og_site_name":"Ressources Sante","article_modified_time":"2024-12-12T11:43:50+00:00","og_image":[{"url":"https:\/\/www.ressourcessante.com\/wp-content\/uploads\/2024\/10\/stars.svg","type":"","width":"","height":""}],"twitter_card":"summary_large_image","twitter_misc":{"Est. reading time":"2 minutes"},"schema":{"@context":"https:\/\/schema.org","@graph":[{"@type":"WebPage","@id":"https:\/\/www.ressourcessante.com\/en\/health-services\/specialized-house","url":"https:\/\/www.ressourcessante.com\/en\/health-services\/specialized-house","name":"Specialized home and crisis center | Ressources Sant\u00e9 LM","isPartOf":{"@id":"https:\/\/www.ressourcessante.com\/#website"},"primaryImageOfPage":{"@id":"https:\/\/www.ressourcessante.com\/en\/health-services\/specialized-house#primaryimage"},"image":{"@id":"https:\/\/www.ressourcessante.com\/en\/health-services\/specialized-house#primaryimage"},"thumbnailUrl":"https:\/\/www.ressourcessante.com\/wp-content\/uploads\/2024\/10\/stars.svg","datePublished":"2024-10-17T15:11:36+00:00","dateModified":"2024-12-12T11:43:50+00:00","description":"Specialized home and crisis center in Saint-J\u00e9r\u00f4me, partnered with CISSS des Laurentides for tailored care solutions.","breadcrumb":{"@id":"https:\/\/www.ressourcessante.com\/en\/health-services\/specialized-house#breadcrumb"},"inLanguage":"en-CA","potentialAction":[{"@type":"ReadAction","target":["https:\/\/www.ressourcessante.com\/en\/health-services\/specialized-house"]}]},{"@type":"ImageObject","inLanguage":"en-CA","@id":"https:\/\/www.ressourcessante.com\/en\/health-services\/specialized-house#primaryimage","url":"https:\/\/www.ressourcessante.com\/wp-content\/uploads\/2024\/10\/stars.svg","contentUrl":"https:\/\/www.ressourcessante.com\/wp-content\/uploads\/2024\/10\/stars.svg"},{"@type":"BreadcrumbList","@id":"https:\/\/www.ressourcessante.com\/en\/health-services\/specialized-house#breadcrumb","itemListElement":[{"@type":"ListItem","position":1,"name":"Accueil","item":"https:\/\/www.ressourcessante.com\/en"},{"@type":"ListItem","position":2,"name":"Services","item":"https:\/\/www.ressourcessante.com\/en\/health-services"},{"@type":"ListItem","position":3,"name":"Specialized house"}]},{"@type":"WebSite","@id":"https:\/\/www.ressourcessante.com\/#website","url":"https:\/\/www.ressourcessante.com\/","name":"Ressources Sante","description":"","publisher":{"@id":"https:\/\/www.ressourcessante.com\/#organization"},"potentialAction":[{"@type":"SearchAction","target":{"@type":"EntryPoint","urlTemplate":"https:\/\/www.ressourcessante.com\/?s={search_term_string}"},"query-input":{"@type":"PropertyValueSpecification","valueRequired":true,"valueName":"search_term_string"}}],"inLanguage":"en-CA"},{"@type":"Organization","@id":"https:\/\/www.ressourcessante.com\/#organization","name":"Ressources Sante","url":"https:\/\/www.ressourcessante.com\/","logo":{"@type":"ImageObject","inLanguage":"en-CA","@id":"https:\/\/www.ressourcessante.com\/#\/schema\/logo\/image\/","url":"https:\/\/www.ressourcessante.com\/wp-content\/uploads\/2024\/10\/logo-ressource-sante.png","contentUrl":"https:\/\/www.ressourcessante.com\/wp-content\/uploads\/2024\/10\/logo-ressource-sante.png","width":752,"height":310,"caption":"Ressources Sante"},"image":{"@id":"https:\/\/www.ressourcessante.com\/#\/schema\/logo\/image\/"}}]}},"_links":{"self":[{"href":"https:\/\/www.ressourcessante.com\/en\/wp-json\/wp\/v2\/pages\/32743","targetHints":{"allow":["GET"]}}],"collection":[{"href":"https:\/\/www.ressourcessante.com\/en\/wp-json\/wp\/v2\/pages"}],"about":[{"href":"https:\/\/www.ressourcessante.com\/en\/wp-json\/wp\/v2\/types\/page"}],"author":[{"embeddable":true,"href":"https:\/\/www.ressourcessante.com\/en\/wp-json\/wp\/v2\/users\/1"}],"replies":[{"embeddable":true,"href":"https:\/\/www.ressourcessante.com\/en\/wp-json\/wp\/v2\/comments?post=32743"}],"version-history":[{"count":26,"href":"https:\/\/www.ressourcessante.com\/en\/wp-json\/wp\/v2\/pages\/32743\/revisions"}],"predecessor-version":[{"id":33976,"href":"https:\/\/www.ressourcessante.com\/en\/wp-json\/wp\/v2\/pages\/32743\/revisions\/33976"}],"up":[{"embeddable":true,"href":"https:\/\/www.ressourcessante.com\/en\/wp-json\/wp\/v2\/pages\/32681"}],"wp:attachment":[{"href":"https:\/\/www.ressourcessante.com\/en\/wp-json\/wp\/v2\/media?parent=32743"}],"curies":[{"name":"wp","href":"https:\/\/api.w.org\/{rel}","templated":true}]}}